{"id":40,"date":"2015-09-06T21:57:17","date_gmt":"2015-09-06T19:57:17","guid":{"rendered":"http:\/\/geist-supervision.de\/?page_id=40"},"modified":"2015-10-28T20:14:23","modified_gmt":"2015-10-28T18:14:23","slug":"fortbildung","status":"publish","type":"page","link":"https:\/\/geist-supervision.de\/?page_id=40","title":{"rendered":"fortbildung"},"content":{"rendered":"<p>FORTBILDUNG<\/p>\n<p>Ich gebe Ihnen neue Impulse, mit denen Sie Ihre Fachlichkeit vertiefen<br \/>\nund Ihre Handlungskompetenzen erweitern k\u00f6nnen.<\/p>\n<p>Auf Anfrage biete ich ma\u00dfgeschneiderte Fortbildungen und Beratung an zu den Themen:<\/p>\n<ul>\n<li>Geschlechtergerechte P\u00e4dagogik<\/li>\n<li>Gender Mainstreaming<\/li>\n<li>Diversity<\/li>\n<li>Burnout-Pr\u00e4vention und Auftanken im Beruf<\/li>\n<li>Qualit\u00e4tsmanagement<\/li>\n<li>Schutzauftrag bei Kindeswohlgef\u00e4hrdung (\u00a7 8a SGB VIII)<\/li>\n<li>Pr\u00e4vention von sexualisierter Gewalt in der Jugendarbeit und Jugendhilfe<\/li>\n<\/ul>\n","protected":false},"excerpt":{"rendered":"<p>FORTBILDUNG Ich gebe Ihnen neue Impulse, mit denen Sie Ihre Fachlichkeit vertiefen und Ihre Handlungskompetenzen erweitern k\u00f6nnen. Auf Anfrage biete ich ma\u00dfgeschneiderte Fortbildungen und Beratung an zu den Themen: Geschlechtergerechte P\u00e4dagogik Gender Mainstreaming Diversity Burnout-Pr\u00e4vention und Auftanken im Beruf Qualit\u00e4tsmanagement Schutzauftrag bei Kindeswohlgef\u00e4hrdung (\u00a7 8a SGB VIII) Pr\u00e4vention von sexualisierter Gewalt in der Jugendarbeit und &hellip; <a href=\"https:\/\/geist-supervision.de\/?page_id=40\" class=\"more-link\"><span class=\"screen-reader-text\">fortbildung<\/span> weiterlesen <span class=\"meta-nav\">&rarr;<\/span><\/a><\/p>\n","protected":false},"author":1,"featured_media":0,"parent":0,"menu_order":0,"comment_status":"closed","ping_status":"closed","template":"","meta":{"footnotes":""},"_links":{"self":[{"href":"https:\/\/geist-supervision.de\/index.php?rest_route=\/wp\/v2\/pages\/40"}],"collection":[{"href":"https:\/\/geist-supervision.de\/index.php?rest_route=\/wp\/v2\/pages"}],"about":[{"href":"https:\/\/geist-supervision.de\/index.php?rest_route=\/wp\/v2\/types\/page"}],"author":[{"embeddable":true,"href":"https:\/\/geist-supervision.de\/index.php?rest_route=\/wp\/v2\/users\/1"}],"replies":[{"embeddable":true,"href":"https:\/\/geist-supervision.de\/index.php?rest_route=%2Fwp%2Fv2%2Fcomments&post=40"}],"version-history":[{"count":2,"href":"https:\/\/geist-supervision.de\/index.php?rest_route=\/wp\/v2\/pages\/40\/revisions"}],"predecessor-version":[{"id":64,"href":"https:\/\/geist-supervision.de\/index.php?rest_route=\/wp\/v2\/pages\/40\/revisions\/64"}],"wp:attachment":[{"href":"https:\/\/geist-supervision.de\/index.php?rest_route=%2Fwp%2Fv2%2Fmedia&parent=40"}],"curies":[{"name":"wp","href":"https:\/\/api.w.org\/{rel}","templated":true}]}}