{"id":38,"date":"2015-09-06T21:44:38","date_gmt":"2015-09-06T19:44:38","guid":{"rendered":"http:\/\/geist-supervision.de\/?page_id=38"},"modified":"2015-09-09T17:50:37","modified_gmt":"2015-09-09T15:50:37","slug":"impressum","status":"publish","type":"page","link":"https:\/\/geist-supervision.de\/?page_id=38","title":{"rendered":"impressum"},"content":{"rendered":"<p>&nbsp;<\/p>\n<p>F\u00fcr den Inhalt gem\u00e4\u00df \u00a7 6 MDStV ist verantwortlich:<\/p>\n<p>Angelika Geist<br \/>\nFatimastr. 50<br \/>\n81476 M\u00fcnchen<\/p>\n<p>Steuernummer 182\/379\/11314<\/p>\n<p><strong>Urheberrecht<br \/>\n<\/strong>Alle Beitr\u00e4ge und Abbildungen dieser Website sind urheberrrechtlich gesch\u00fctzt. Jede Verwertung au\u00dferhalb der engen Grenzen des Urheberrechtsgesetzes ist ohne Zustimmung der Verfasserin und der Webdesignerin unzul\u00e4ssig und strafbar. Das gilt vor allem f\u00fcr Vervielf\u00e4ltigungen, \u00dcbersetzungen, Mikroverfilmungen sowie die Einspeicherung und Bearbeitung in elektronischen Medien.<\/p>\n<p><strong>Haftungshinweis<br \/>\n<\/strong>Trotz sorgf\u00e4ltiger inhaltlicher Kontrolle \u00fcbernehme ich keine Haftung f\u00fcr die Inhalte externer Links. F\u00fcr den Inhalt der verlinkten Seiten sind ausschlie\u00dflich deren Betreiber verantwortlich.<\/p>\n<p><strong>Website: <a href=\"http:\/\/strunkmann-meister.com\" target=\"_blank\">Alice Strunkmann Meister<\/a><\/strong><\/p>\n<p><strong>Photographie: Claudia Strangh\u00f6ner<\/strong><\/p>\n","protected":false},"excerpt":{"rendered":"<p>&nbsp; F\u00fcr den Inhalt gem\u00e4\u00df \u00a7 6 MDStV ist verantwortlich: Angelika Geist Fatimastr. 50 81476 M\u00fcnchen Steuernummer 182\/379\/11314 Urheberrecht Alle Beitr\u00e4ge und Abbildungen dieser Website sind urheberrrechtlich gesch\u00fctzt. Jede Verwertung au\u00dferhalb der engen Grenzen des Urheberrechtsgesetzes ist ohne Zustimmung der Verfasserin und der Webdesignerin unzul\u00e4ssig und strafbar. Das gilt vor allem f\u00fcr Vervielf\u00e4ltigungen, \u00dcbersetzungen, Mikroverfilmungen &hellip; <a href=\"https:\/\/geist-supervision.de\/?page_id=38\" class=\"more-link\"><span class=\"screen-reader-text\">impressum<\/span> weiterlesen <span class=\"meta-nav\">&rarr;<\/span><\/a><\/p>\n","protected":false},"author":1,"featured_media":0,"parent":0,"menu_order":0,"comment_status":"closed","ping_status":"closed","template":"","meta":{"footnotes":""},"_links":{"self":[{"href":"https:\/\/geist-supervision.de\/index.php?rest_route=\/wp\/v2\/pages\/38"}],"collection":[{"href":"https:\/\/geist-supervision.de\/index.php?rest_route=\/wp\/v2\/pages"}],"about":[{"href":"https:\/\/geist-supervision.de\/index.php?rest_route=\/wp\/v2\/types\/page"}],"author":[{"embeddable":true,"href":"https:\/\/geist-supervision.de\/index.php?rest_route=\/wp\/v2\/users\/1"}],"replies":[{"embeddable":true,"href":"https:\/\/geist-supervision.de\/index.php?rest_route=%2Fwp%2Fv2%2Fcomments&post=38"}],"version-history":[{"count":4,"href":"https:\/\/geist-supervision.de\/index.php?rest_route=\/wp\/v2\/pages\/38\/revisions"}],"predecessor-version":[{"id":69,"href":"https:\/\/geist-supervision.de\/index.php?rest_route=\/wp\/v2\/pages\/38\/revisions\/69"}],"wp:attachment":[{"href":"https:\/\/geist-supervision.de\/index.php?rest_route=%2Fwp%2Fv2%2Fmedia&parent=38"}],"curies":[{"name":"wp","href":"https:\/\/api.w.org\/{rel}","templated":true}]}}