{"id":25,"date":"2015-09-06T21:35:48","date_gmt":"2015-09-06T19:35:48","guid":{"rendered":"http:\/\/geist-supervision.de\/?page_id=25"},"modified":"2015-09-09T17:31:58","modified_gmt":"2015-09-09T15:31:58","slug":"angebot","status":"publish","type":"page","link":"https:\/\/geist-supervision.de\/?page_id=25","title":{"rendered":"angebot"},"content":{"rendered":"<h5>SUPERVISION<\/h5>\n<p>Ich berate Sie in herausfordernden beruflichen Situationen und st\u00e4rke Ihre Handlungsf\u00e4higkeit und Professionalit\u00e4t in Einzel-, Gruppen- und Teamsupervision.<\/p>\n<h5>TEAMENTWICKLUNG<\/h5>\n<p>Ich begleite Sie darin, Ihre Zufriedenheit und Arbeitsf\u00e4higkeit im Team so zu verbessern, dass Sie Ihren Arbeitsauftrag optimal erf\u00fcllen k\u00f6nnen.<\/p>\n<h5>COACHING<\/h5>\n<p>Ich unterst\u00fctze Sie bei der \u00dcbernahme von Leitungsaufgaben oder bei besonderen Herausforderungen und \u00dcberlastung im Job.<\/p>\n<h5>MODERATION<\/h5>\n<p>Ich entwickle mit Ihnen umsetzbare Ergebnisse und sorge f\u00fcr eine lebendige Interaktion aller Beteiligten.<\/p>\n<h5>MEDIATION<\/h5>\n<p>Ich finde mit Ihnen bei Streit und Konflikten eine L\u00f6sung, die f\u00fcr alle Beteiligten tragf\u00e4hig ist.<\/p>\n<h5><a href=\"http:\/\/geist-supervision.de\/?page_id=40\">FORTBILDUNG<\/a><\/h5>\n<p>Ich gebe Ihnen neue Impulse, mit denen Sie Ihre Fachlichkeit vertiefen und Ihre Handlungskompetenzen erweitern k\u00f6nnen.<\/p>\n","protected":false},"excerpt":{"rendered":"<p>SUPERVISION Ich berate Sie in herausfordernden beruflichen Situationen und st\u00e4rke Ihre Handlungsf\u00e4higkeit und Professionalit\u00e4t in Einzel-, Gruppen- und Teamsupervision. TEAMENTWICKLUNG Ich begleite Sie darin, Ihre Zufriedenheit und Arbeitsf\u00e4higkeit im Team so zu verbessern, dass Sie Ihren Arbeitsauftrag optimal erf\u00fcllen k\u00f6nnen. COACHING Ich unterst\u00fctze Sie bei der \u00dcbernahme von Leitungsaufgaben oder bei besonderen Herausforderungen und \u00dcberlastung &hellip; <a href=\"https:\/\/geist-supervision.de\/?page_id=25\" class=\"more-link\"><span class=\"screen-reader-text\">angebot<\/span> weiterlesen <span class=\"meta-nav\">&rarr;<\/span><\/a><\/p>\n","protected":false},"author":1,"featured_media":0,"parent":0,"menu_order":0,"comment_status":"closed","ping_status":"closed","template":"","meta":{"footnotes":""},"_links":{"self":[{"href":"https:\/\/geist-supervision.de\/index.php?rest_route=\/wp\/v2\/pages\/25"}],"collection":[{"href":"https:\/\/geist-supervision.de\/index.php?rest_route=\/wp\/v2\/pages"}],"about":[{"href":"https:\/\/geist-supervision.de\/index.php?rest_route=\/wp\/v2\/types\/page"}],"author":[{"embeddable":true,"href":"https:\/\/geist-supervision.de\/index.php?rest_route=\/wp\/v2\/users\/1"}],"replies":[{"embeddable":true,"href":"https:\/\/geist-supervision.de\/index.php?rest_route=%2Fwp%2Fv2%2Fcomments&post=25"}],"version-history":[{"count":8,"href":"https:\/\/geist-supervision.de\/index.php?rest_route=\/wp\/v2\/pages\/25\/revisions"}],"predecessor-version":[{"id":57,"href":"https:\/\/geist-supervision.de\/index.php?rest_route=\/wp\/v2\/pages\/25\/revisions\/57"}],"wp:attachment":[{"href":"https:\/\/geist-supervision.de\/index.php?rest_route=%2Fwp%2Fv2%2Fmedia&parent=25"}],"curies":[{"name":"wp","href":"https:\/\/api.w.org\/{rel}","templated":true}]}}