{"id":20,"date":"2015-09-06T21:31:02","date_gmt":"2015-09-06T19:31:02","guid":{"rendered":"http:\/\/geist-supervision.de\/?page_id=20"},"modified":"2015-09-07T09:31:09","modified_gmt":"2015-09-07T07:31:09","slug":"startseite","status":"publish","type":"page","link":"https:\/\/geist-supervision.de\/","title":{"rendered":"startseite"},"content":{"rendered":"<h3><\/h3>\n<h3><\/h3>\n<h3><\/h3>\n<h3>Herzlich willkommen auf meiner Seite!<\/h3>\n<h3><\/h3>\n<p>&nbsp;<\/p>\n<blockquote><p>&#8222;Ich bin nicht allm\u00e4chtig,<\/p>\n<p>ich bin nicht ohnm\u00e4chtig,<\/p>\n<p>ich bin partiell m\u00e4chtig.&#8220;<\/p>\n<p>Ruth Cohn<\/p><\/blockquote>\n<p>&nbsp;<\/p>\n<p>Gerne begleite ich\u00a0 Sie darin, Ihren Handlungsspielraum auszuloten.<\/p>\n","protected":false},"excerpt":{"rendered":"<p>Herzlich willkommen auf meiner Seite! &nbsp; &#8222;Ich bin nicht allm\u00e4chtig, ich bin nicht ohnm\u00e4chtig, ich bin partiell m\u00e4chtig.&#8220; Ruth Cohn &nbsp; Gerne begleite ich\u00a0 Sie darin, Ihren Handlungsspielraum auszuloten.<\/p>\n","protected":false},"author":1,"featured_media":0,"parent":0,"menu_order":0,"comment_status":"closed","ping_status":"closed","template":"","meta":{"footnotes":""},"_links":{"self":[{"href":"https:\/\/geist-supervision.de\/index.php?rest_route=\/wp\/v2\/pages\/20"}],"collection":[{"href":"https:\/\/geist-supervision.de\/index.php?rest_route=\/wp\/v2\/pages"}],"about":[{"href":"https:\/\/geist-supervision.de\/index.php?rest_route=\/wp\/v2\/types\/page"}],"author":[{"embeddable":true,"href":"https:\/\/geist-supervision.de\/index.php?rest_route=\/wp\/v2\/users\/1"}],"replies":[{"embeddable":true,"href":"https:\/\/geist-supervision.de\/index.php?rest_route=%2Fwp%2Fv2%2Fcomments&post=20"}],"version-history":[{"count":6,"href":"https:\/\/geist-supervision.de\/index.php?rest_route=\/wp\/v2\/pages\/20\/revisions"}],"predecessor-version":[{"id":51,"href":"https:\/\/geist-supervision.de\/index.php?rest_route=\/wp\/v2\/pages\/20\/revisions\/51"}],"wp:attachment":[{"href":"https:\/\/geist-supervision.de\/index.php?rest_route=%2Fwp%2Fv2%2Fmedia&parent=20"}],"curies":[{"name":"wp","href":"https:\/\/api.w.org\/{rel}","templated":true}]}}